{"id":1020,"date":"2023-05-24T20:41:59","date_gmt":"2023-05-24T18:41:59","guid":{"rendered":"https:\/\/championnats-aveyron.ovh\/?page_id=1020"},"modified":"2024-06-07T21:10:59","modified_gmt":"2024-06-07T19:10:59","slug":"liste-cdc-veterans-2023","status":"publish","type":"page","link":"https:\/\/championnats-aveyron.ovh\/?page_id=1020","title":{"rendered":"Liste CDC V\u00e9t\u00e9rans 2024"},"content":{"rendered":"<p>V\u00e9t\u00e9rans 2024<\/p>\n<p><a href=\"https:\/\/championnats-aveyron.ovh\/?page_id=797\" target=\"_blank\" rel=\"noopener\">Liste Excellence<\/a><\/p>\n<p><a href=\"https:\/\/championnats-aveyron.ovh\/?page_id=390\" target=\"_blank\" rel=\"noopener\">Division 1<\/a><\/p>\n<p><a href=\"https:\/\/championnats-aveyron.ovh\/?page_id=392\" target=\"_blank\" rel=\"noopener\">Division 2<\/a><\/p>\n<p><a href=\"https:\/\/championnats-aveyron.ovh\/?page_id=396\" target=\"_blank\" rel=\"noopener\">Division 3<\/a><\/p>\n<p><span style=\"color: #ffffff;\"><span style=\"color: #000000;\">Open\u00a0 2023<\/span><\/span><\/p>\n<p><span style=\"color: #ffffff;\"><a style=\"color: #ffffff;\" href=\"https:\/\/championnats-aveyron.ovh\/?page_id=489\" target=\"_blank\" rel=\"noopener\"><span style=\"color: #000000;\">F\u00e9minines 2023<\/span><\/a><\/span><\/p>\n<p>&nbsp;<\/p>\n<p>&nbsp;<\/p>\n","protected":false},"excerpt":{"rendered":"<p>V\u00e9t\u00e9rans 2024 Liste Excellence Division 1 Division 2 Division 3 Open\u00a0 2023 F\u00e9minines 2023 &nbsp; &nbsp;<\/p>\n","protected":false},"author":1,"featured_media":0,"parent":0,"menu_order":0,"comment_status":"closed","ping_status":"closed","template":"","meta":{"footnotes":""},"class_list":["post-1020","page","type-page","status-publish","hentry"],"_links":{"self":[{"href":"https:\/\/championnats-aveyron.ovh\/index.php?rest_route=\/wp\/v2\/pages\/1020","targetHints":{"allow":["GET"]}}],"collection":[{"href":"https:\/\/championnats-aveyron.ovh\/index.php?rest_route=\/wp\/v2\/pages"}],"about":[{"href":"https:\/\/championnats-aveyron.ovh\/index.php?rest_route=\/wp\/v2\/types\/page"}],"author":[{"embeddable":true,"href":"https:\/\/championnats-aveyron.ovh\/index.php?rest_route=\/wp\/v2\/users\/1"}],"replies":[{"embeddable":true,"href":"https:\/\/championnats-aveyron.ovh\/index.php?rest_route=%2Fwp%2Fv2%2Fcomments&post=1020"}],"version-history":[{"count":9,"href":"https:\/\/championnats-aveyron.ovh\/index.php?rest_route=\/wp\/v2\/pages\/1020\/revisions"}],"predecessor-version":[{"id":1226,"href":"https:\/\/championnats-aveyron.ovh\/index.php?rest_route=\/wp\/v2\/pages\/1020\/revisions\/1226"}],"wp:attachment":[{"href":"https:\/\/championnats-aveyron.ovh\/index.php?rest_route=%2Fwp%2Fv2%2Fmedia&parent=1020"}],"curies":[{"name":"wp","href":"https:\/\/api.w.org\/{rel}","templated":true}]}}