{"id":134,"date":"2018-08-09T11:39:36","date_gmt":"2018-08-09T09:39:36","guid":{"rendered":"http:\/\/championnats-aveyron.ovh\/?page_id=134"},"modified":"2018-09-25T22:14:21","modified_gmt":"2018-09-25T20:14:21","slug":"championnats-daveyron","status":"publish","type":"page","link":"https:\/\/championnats-aveyron.ovh\/?page_id=134","title":{"rendered":"Championnats d&rsquo;Aveyron 2018"},"content":{"rendered":"\r\n\r\n\r\n\r\n\r\n<h4><a href=\"http:\/\/championnats-aveyron.ovh\/2018\/Page_Rslt_X3_seniors2018.html\" target=\"_blank\" rel=\"noopener\">Triplette <\/a><\/h4>\r\n<h4>\r\n\r\n\r\n\r\n<\/h4>\r\n<h4><a href=\"http:\/\/www.championnats-aveyron.ovh\/2018\/Page_Rslt_X3_Feminin_2018.html\" target=\"_blank\" rel=\"noopener\">Triplette F\u00e9minine<\/a><\/h4>\r\n<h4><a href=\"http:\/\/www.championnats-aveyron.ovh\/2018\/Page_Rslt_X3_Promotion2018.html\" target=\"_blank\" rel=\"noopener\">Triplette Promotion<\/a><\/h4>\r\n<h4>\r\n\r\n<\/h4>\r\n<h4><a href=\"http:\/\/www.championnats-aveyron.ovh\/2018\/Page_Rslt_X2_seniors_2018.html\" target=\"_blank\" rel=\"noopener\">Doublettes<\/a><\/h4>\r\n<h4>\r\n\r\n<\/h4>\r\n<h4><a href=\"http:\/\/www.championnats-aveyron.ovh\/2018\/Page_Rslt_X2_feminin2018.html\" target=\"_blank\" rel=\"noopener\">Doublettes f\u00e9minines<\/a><\/h4>\r\n<h4>\r\n\r\n<\/h4>\r\n<h4><a href=\"http:\/\/www.championnats-aveyron.ovh\/2018\/Page_Rslt_X1_seniors2018.html\" target=\"_blank\" rel=\"noopener\">T\u00eate \u00e0 t\u00eate<\/a><\/h4>\r\n<h4>\r\n\r\n<\/h4>\r\n<h4><a href=\"http:\/\/www.championnats-aveyron.ovh\/2018\/Page_Rslt_X1_feminin_2018.html\" target=\"_blank\" rel=\"noopener\">T\u00eate \u00e0 T\u00eate F\u00e9minin<\/a><\/h4>\r\n<h4>\r\n\r\n<\/h4>\r\n<h4><a href=\"http:\/\/www.championnats-aveyron.ovh\/2018\/Page_Rslt_Doublette_Mixte_2018.html\" target=\"_blank\" rel=\"noopener\">Doublette Mixte<\/a><\/h4>\r\n<h4>\r\n\r\n<\/h4>\r\n<h4><a href=\"http:\/\/championnats-aveyron.ovh\/2018\/Page_Rslt_X3_Triple_Mixte2018.html\" target=\"_blank\" rel=\"noopener\">Triplette Mixte<\/a><\/h4>\r\n<h4>\r\n\r\n<\/h4>\r\n<h4><a href=\"http:\/\/www.championnats-aveyron.ovh\/2018\/Page_Rslt_X2_Provencal.html\" target=\"_blank\" rel=\"noopener\">Proven\u00e7al Doublette<\/a><\/h4>\r\n<h4>\r\n\r\n<\/h4>\r\n<h4><a href=\"http:\/\/www.championnats-aveyron.ovh\/2018\/Page_Rslt_X3_Provencal_2018.html\" target=\"_blank\" rel=\"noopener\">Proven\u00e7al Triplette<\/a><\/h4>\r\n<h4><a href=\"http:\/\/championnats-aveyron.ovh\/2018\/Page_Rslt_Double_veterans_2018.html\" target=\"_blank\" rel=\"noopener\">Coupe Doublette V\u00e9t\u00e9rans<\/a><\/h4>\r\n","protected":false},"excerpt":{"rendered":"<p>Triplette Triplette F\u00e9minine Triplette Promotion Doublettes Doublettes f\u00e9minines T\u00eate \u00e0 t\u00eate T\u00eate \u00e0 T\u00eate F\u00e9minin Doublette Mixte Triplette Mixte Proven\u00e7al Doublette Proven\u00e7al Triplette Coupe Doublette V\u00e9t\u00e9rans<\/p>\n","protected":false},"author":1,"featured_media":0,"parent":0,"menu_order":0,"comment_status":"closed","ping_status":"closed","template":"","meta":{"footnotes":""},"class_list":["post-134","page","type-page","status-publish","hentry"],"_links":{"self":[{"href":"https:\/\/championnats-aveyron.ovh\/index.php?rest_route=\/wp\/v2\/pages\/134","targetHints":{"allow":["GET"]}}],"collection":[{"href":"https:\/\/championnats-aveyron.ovh\/index.php?rest_route=\/wp\/v2\/pages"}],"about":[{"href":"https:\/\/championnats-aveyron.ovh\/index.php?rest_route=\/wp\/v2\/types\/page"}],"author":[{"embeddable":true,"href":"https:\/\/championnats-aveyron.ovh\/index.php?rest_route=\/wp\/v2\/users\/1"}],"replies":[{"embeddable":true,"href":"https:\/\/championnats-aveyron.ovh\/index.php?rest_route=%2Fwp%2Fv2%2Fcomments&post=134"}],"version-history":[{"count":15,"href":"https:\/\/championnats-aveyron.ovh\/index.php?rest_route=\/wp\/v2\/pages\/134\/revisions"}],"predecessor-version":[{"id":294,"href":"https:\/\/championnats-aveyron.ovh\/index.php?rest_route=\/wp\/v2\/pages\/134\/revisions\/294"}],"wp:attachment":[{"href":"https:\/\/championnats-aveyron.ovh\/index.php?rest_route=%2Fwp%2Fv2%2Fmedia&parent=134"}],"curies":[{"name":"wp","href":"https:\/\/api.w.org\/{rel}","templated":true}]}}