{"id":142,"date":"2018-08-09T11:51:45","date_gmt":"2018-08-09T09:51:45","guid":{"rendered":"http:\/\/championnats-aveyron.ovh\/?page_id=142"},"modified":"2020-09-11T16:14:02","modified_gmt":"2020-09-11T14:14:02","slug":"championnat-des-clubs","status":"publish","type":"page","link":"https:\/\/championnats-aveyron.ovh\/?page_id=142","title":{"rendered":"Championnat des clubs"},"content":{"rendered":"<p style=\"text-align: center;\"><a href=\"https:\/\/www.ffpjp.org\/cnc\/images\/2019\/groupes\/resultats\/CNCF1B.pdf\" target=\"_blank\" rel=\"noopener noreferrer\">Championnats Nationaux<\/a><\/p>\r\n<p style=\"text-align: center;\">Championnats r\u00e9gionaux<\/p>\r\n\r\n<table style=\"width: 100%; border-collapse: collapse;\" border=\"1\">\r\n<tbody>\r\n<tr>\r\n<td style=\"width: 33.3333%; text-align: center;\"><a href=\"http:\/\/petanque-occitanie.fr\/images\/pdfs\/CRC\/CRC19\/CRC_D1_OCT_19.pdf\">CRC 1 OPEN<\/a><\/td>\r\n<td style=\"width: 33.3333%; text-align: center;\"><a href=\"http:\/\/petanque-occitanie.fr\/images\/pdfs\/CRC\/CRC19\/CRC_D2_OCT_19.pdf\">CRC 2 OPEN<\/a><\/td>\r\n<td style=\"width: 33.3333%; text-align: center;\"><a href=\"http:\/\/petanque-occitanie.fr\/images\/pdfs\/CRC\/CRC19\/CRC_DFem_OCT_19.pdf\">CRC FEMININ<\/a><\/td>\r\n<\/tr>\r\n<\/tbody>\r\n<\/table>\r\n<p style=\"text-align: center;\">Championnats D\u00e9partementaux<\/p>\r\n<p style=\"text-align: center;\"><a href=\"http:\/\/championnats-aveyron.ovh\/?page_id=271\">Jeunes<\/a><\/p>\r\n&nbsp;\r\n\r\n<center>\r\nF\u00e9minines<\/center>&nbsp;\r\n<table style=\"width: 500px;\" border=\"2\" cellspacing=\"1\" cellpadding=\"1\" align=\"center\">\r\n<tbody>\r\n<tr>\r\n<th style=\"text-align: center; vertical-align: middle; border-color: #000000; background-color: #ff99ff;\"><a class=\"yahoorte_class\" title=\"https:\/\/drive.google.com\/open?id=1N2TinjAMvVI4XPAqLNvr3NPJaMw7E4EqX-Tb1Hi5_Mk\" href=\"http:\/\/www.championnats-aveyron.ovh\/CDCFEM\/Poule1.pdf\" target=\"_blank\" rel=\"noopener noreferrer\">Poule 1<\/a><\/th>\r\n<th style=\"text-align: center; vertical-align: middle; border-color: #000000; background-color: #ff99ff;\"><a class=\"yahoorte_class\" title=\"https:\/\/drive.google.com\/open?id=1sMOcY1nbzsmxfrMdl5KHJe6X688Cge-WjbVGECREiwg\" href=\"http:\/\/www.championnats-aveyron.ovh\/CDCFEM\/Poule2.pdf\" target=\"_blank\" rel=\"noopener noreferrer\">Poule 2 <\/a><\/th>\r\n<th style=\"text-align: center; vertical-align: middle; border-color: #000000; background-color: #ff99ff;\"><a class=\"yahoorte_class\" title=\"https:\/\/drive.google.com\/open?id=1sQRYii2hw9JtCebHsODIBRE3i_22pTAgyBTlQ6FF82A\" href=\"http:\/\/www.championnats-aveyron.ovh\/CDCFEM\/Poule3.pdf\" target=\"_blank\" rel=\"noopener noreferrer\">Poule 3<\/a><\/th>\r\n<th style=\"text-align: center; vertical-align: middle; border-color: #000000; background-color: #ff99ff;\"><a class=\"yahoorte_class\" title=\"https:\/\/drive.google.com\/open?id=1HpmUYPj1wptObyPnDMCd_s-QJUDL5S2MWcFnalySgOU\" href=\"http:\/\/www.championnats-aveyron.ovh\/CDCFEM\/Poule4.pdf\" target=\"_blank\" rel=\"noopener noreferrer\">Poule 4<\/a><\/th>\r\n<\/tr>\r\n<\/tbody>\r\n<\/table>\r\n&nbsp;\r\n\r\n<center>\r\nOpen<\/center>&nbsp;\r\n\r\n&nbsp;\r\n<table style=\"height: 222px;\" border=\"2\" width=\"497\" cellspacing=\"1\" cellpadding=\"1\" align=\"center\">\r\n<thead>\r\n<tr>\r\n<th style=\"text-align: center; vertical-align: middle; background-color: #0099ff; border-color: #000000;\" scope=\"col\">Division 1<\/th>\r\n<th style=\"text-align: center; vertical-align: middle; background-color: #0099ff; border-color: #000000;\" scope=\"col\">Division 2<\/th>\r\n<th style=\"text-align: center; vertical-align: middle; background-color: #0099ff; border-color: #000000;\" scope=\"col\">Division 3<\/th>\r\n<th style=\"text-align: center; vertical-align: middle; background-color: #0099ff; border-color: #000000;\" scope=\"col\">Division 4<\/th>\r\n<\/tr>\r\n<\/thead>\r\n<tbody>\r\n<tr>\r\n<td style=\"text-align: center; border-color: #000000;\"><a class=\"yahoorte_class\" title=\"https:\/\/docs.google.com\/spreadsheets\/d\/14WhZxb4JBETg_MNsOCN1STfUXa9Aq3wcAVUdnvENiXI\/edit?usp=sharing\" href=\"https:\/\/www.petanque-aveyron.fr\/docs\/Division1\/poule%20A.pdf\" target=\"_blank\" rel=\"noopener noreferrer\">Poule A<\/a><\/td>\r\n<td style=\"text-align: center; border-color: #000000;\"><a class=\"yahoorte_class\" title=\"https:\/\/docs.google.com\/spreadsheets\/d\/1SSbZ4wG9vzCT3kwsBqHUlIqDVZsetDv9XBKyIgleOq0\/edit?usp=sharing\" href=\"https:\/\/www.petanque-aveyron.fr\/docs\/Division2\/poule A.pdf\" target=\"_blank\" rel=\"noopener noreferrer\">Poule A<\/a><\/td>\r\n<td style=\"text-align: center; border-color: #000000;\"><a class=\"yahoorte_class\" title=\"https:\/\/docs.google.com\/spreadsheets\/d\/1KLv30QcGJ2inEthH3GRYPdLJr7GeVTZfvKvxa-hwcpk\/edit?usp=sharing\" href=\"https:\/\/www.petanque-aveyron.fr\/docs\/Division3\/poule A.pdf\" target=\"_blank\" rel=\"noopener noreferrer\">Poule A<\/a><\/td>\r\n<td style=\"text-align: center; border-color: #000000;\"><a class=\"yahoorte_class\" title=\"https:\/\/docs.google.com\/spreadsheets\/d\/1ZFk5ifd_JT3YYR9WoMPYscsYX682p6PVD6QS8opgRa8\/edit?usp=sharing\" href=\"https:\/\/www.petanque-aveyron.fr\/docs\/Division4\/poule A.pdf\" target=\"_blank\" rel=\"noopener noreferrer\">Poule A<\/a><\/td>\r\n<\/tr>\r\n<tr>\r\n<td style=\"text-align: center; border-color: #000000;\"><a class=\"yahoorte_class\" title=\"https:\/\/docs.google.com\/spreadsheets\/d\/1xKWPIAAkJOQwt-gT1wV-bUSGPTsbVlfI8Y8NyKInT_E\/edit?usp=sharing\" href=\"https:\/\/www.petanque-aveyron.fr\/docs\/Division1\/poule B.pdf\" target=\"_blank\" rel=\"noopener noreferrer\">Poule B<\/a><\/td>\r\n<td style=\"text-align: center; border-color: #000000;\"><a class=\"yahoorte_class\" title=\"https:\/\/docs.google.com\/spreadsheets\/d\/1R1YjNQIMBRoy1iVIRe3kT3DrB8d7LAuiqYMm9nX13do\/edit?usp=sharing\" href=\"https:\/\/www.petanque-aveyron.fr\/docs\/Division2\/poule B.pdf\" target=\"_blank\" rel=\"noopener noreferrer\">Poule B<\/a><\/td>\r\n<td style=\"text-align: center; border-color: #000000;\"><a class=\"yahoorte_class\" title=\"https:\/\/docs.google.com\/spreadsheets\/d\/1EAq2lVUggF6EJPMsRP-pbjXEgltMuJioBiQmoGdwuyE\/edit?usp=sharing\" href=\"https:\/\/www.petanque-aveyron.fr\/docs\/Division3\/poule B.pdf\" target=\"_blank\" rel=\"noopener noreferrer\">Poule B<\/a><\/td>\r\n<td style=\"text-align: center; border-color: #000000;\"><a class=\"yahoorte_class\" title=\"https:\/\/docs.google.com\/spreadsheets\/d\/13PTlkMeMA4Xd_eslEJrsjaNX6M4_eZHKfxTUREhDi_E\/edit?usp=sharing\" href=\"https:\/\/www.petanque-aveyron.fr\/docs\/Division4\/poule B.pdf\" target=\"_blank\" rel=\"noopener noreferrer\">Poule B<\/a><\/td>\r\n<\/tr>\r\n<tr>\r\n<td style=\"text-align: center; border-color: #000000;\"><\/td>\r\n<td style=\"text-align: center; border-color: #000000;\"><a class=\"yahoorte_class\" title=\"https:\/\/docs.google.com\/spreadsheets\/d\/1UjXRVPCIQ6vD4DiSenaym8ykDCL1q1NizHhG6byjxAM\/edit?usp=sharing\" href=\"https:\/\/www.petanque-aveyron.fr\/docs\/Division2\/poule C.pdf\" target=\"_blank\" rel=\"noopener noreferrer\">Poule C<\/a><\/td>\r\n<td style=\"text-align: center; border-color: #000000;\"><a class=\"yahoorte_class\" title=\"https:\/\/docs.google.com\/spreadsheets\/d\/1Uj-VmKGlyJtQcTE-EzRXVhyNkxsZIdDZyVdDu80LGeQ\/edit?usp=sharing\" href=\"https:\/\/www.petanque-aveyron.fr\/docs\/Division3\/poule C.pdf\" target=\"_blank\" rel=\"noopener noreferrer\">Poule C<\/a><\/td>\r\n<td style=\"text-align: center; border-color: #000000;\"><a class=\"yahoorte_class\" title=\"https:\/\/docs.google.com\/spreadsheets\/d\/1Zbrxv7PRrBUrig1pTm0Xv-lQNqMiaKf13j8We2A8u88\/edit?usp=sharing\" href=\"https:\/\/www.petanque-aveyron.fr\/docs\/Division4\/poule C.pdf\" target=\"_blank\" rel=\"noopener noreferrer\">Poule C<\/a><\/td>\r\n<\/tr>\r\n<tr>\r\n<td style=\"text-align: center; border-color: #000000;\"><\/td>\r\n<td style=\"text-align: center; border-color: #000000;\"><a class=\"yahoorte_class\" title=\"https:\/\/docs.google.com\/spreadsheets\/d\/1SHLCQAD_U35uE3gOPQLX_QZ_jElNLzKv4TEw2aoAHc0\/edit?usp=sharing\" href=\"https:\/\/www.petanque-aveyron.fr\/docs\/Division2\/poule D.pdf\" target=\"_blank\" rel=\"noopener noreferrer\">Poule D<\/a><\/td>\r\n<td style=\"text-align: center; border-color: #000000;\"><a class=\"yahoorte_class\" title=\"https:\/\/docs.google.com\/spreadsheets\/d\/1YyGywtFwRA-jhNimrbPLee6s5JYySVnxqBZ8Ko3XFrY\/edit?usp=sharing\" href=\"https:\/\/www.petanque-aveyron.fr\/docs\/Division3\/poule D.pdf\" target=\"_blank\" rel=\"noopener noreferrer\">Poule D<\/a><\/td>\r\n<td style=\"text-align: center; border-color: #000000;\"><a class=\"yahoorte_class\" title=\"https:\/\/docs.google.com\/spreadsheets\/d\/1_c4flHOL4vX9sormlR3tZm0hYcOQSIE6f48cFv33IEA\/edit?usp=sharing\" href=\"https:\/\/www.petanque-aveyron.fr\/docs\/Division4\/poule D.pdf\" target=\"_blank\" rel=\"noopener noreferrer\">Poule D<\/a><\/td>\r\n<\/tr>\r\n<tr>\r\n<td style=\"text-align: center; border-color: #000000;\"><\/td>\r\n<td style=\"text-align: center; border-color: #000000;\"><\/td>\r\n<td style=\"text-align: center; border-color: #000000;\"><a class=\"yahoorte_class\" title=\"https:\/\/docs.google.com\/spreadsheets\/d\/15EeHHxRpCt3gZWLzi50u0b8rfxfGnq-ZIoF3tFZx0vk\/edit?usp=sharing\" href=\"https:\/\/www.petanque-aveyron.fr\/docs\/Division3\/poule E.pdf\" target=\"_blank\" rel=\"noopener noreferrer\">Poule E<\/a><\/td>\r\n<td style=\"text-align: center; border-color: #000000;\"><a href=\"https:\/\/www.petanque-aveyron.fr\/docs\/Division4\/poule E.pdf\">Poule E<\/a><\/td>\r\n<\/tr>\r\n<tr>\r\n<td style=\"text-align: center; border-color: #000000;\"><\/td>\r\n<td style=\"text-align: center; border-color: #000000;\"><\/td>\r\n<td style=\"text-align: center; border-color: #000000;\"><a class=\"yahoorte_class\" title=\"https:\/\/docs.google.com\/spreadsheets\/d\/1tDZbaBhYfmZaT9teW94idAOuv2Iiyq2iGNWu-q6uGT0\/edit?usp=sharing\" href=\"https:\/\/www.petanque-aveyron.fr\/docs\/Division3\/poule F.pdf\" target=\"_blank\" rel=\"noopener noreferrer\">Poule F<\/a><\/td>\r\n<td style=\"text-align: center; border-color: #000000;\"><a href=\"https:\/\/www.petanque-aveyron.fr\/docs\/Division4\/poule F.pdf\">Poule F<\/a><\/td>\r\n<\/tr>\r\n<tr>\r\n<td style=\"text-align: center; border-color: #000000;\"><\/td>\r\n<td style=\"text-align: center; border-color: #000000;\"><\/td>\r\n<td style=\"text-align: center; border-color: #000000;\"><a class=\"yahoorte_class\" title=\"https:\/\/docs.google.com\/spreadsheets\/d\/19xgAsZdoi_odCOxcBdZxqh9T4dm-hxxPTNaa2QZoizI\/edit?usp=sharing\" href=\"https:\/\/www.petanque-aveyron.fr\/docs\/Division3\/poule G.pdf\" target=\"_blank\" rel=\"noopener noreferrer\">Poule G<\/a><\/td>\r\n<td style=\"text-align: center; border-color: #000000;\"><a href=\"https:\/\/www.petanque-aveyron.fr\/docs\/Division4\/poule G.pdf\">Poule G<\/a><\/td>\r\n<\/tr>\r\n<tr>\r\n<td style=\"text-align: center; border-color: #000000;\"><\/td>\r\n<td style=\"text-align: center; border-color: #000000;\"><\/td>\r\n<td style=\"text-align: center; border-color: #000000;\"><\/td>\r\n<td style=\"text-align: center; border-color: #000000;\"><a href=\"https:\/\/www.petanque-aveyron.fr\/docs\/Division4\/poule H.pdf\">Poule H<\/a><\/td>\r\n<\/tr>\r\n<\/tbody>\r\n<\/table>\r\n&nbsp;\r\n\r\n<center>\r\nV\u00e9t\u00e9rans<\/center>&nbsp;\r\n<table style=\"width: 500px;\" border=\"3\" cellspacing=\"1\" cellpadding=\"1\" align=\"center\">\r\n<thead>\r\n<tr>\r\n<th style=\"background-color: #33ffcc; border-color: #000000; text-align: center; vertical-align: middle;\" scope=\"col\">Division 1<\/th>\r\n<th style=\"background-color: #33ffcc; border-color: #000000; text-align: center; vertical-align: middle;\" scope=\"col\">Division 2<\/th>\r\n<th style=\"background-color: #33ffcc; border-color: #000000; text-align: center; vertical-align: middle;\" scope=\"col\">Division 3<\/th>\r\n<\/tr>\r\n<\/thead>\r\n<tbody>\r\n<tr>\r\n<td style=\"text-align: center; vertical-align: middle; border-color: #000000;\"><a class=\"yahoorte_class\" title=\"https:\/\/docs.google.com\/spreadsheets\/d\/1YzRzHR2iN5SCbvdig5-e7Q19EFwdaDXaWesWwQ8uT8s\/edit?usp=sharing\" href=\"https:\/\/www.petanque-aveyron.fr\/docs\/Division1veterans\/poule%20A.pdf\" target=\"_blank\" rel=\"noopener noreferrer\">Poule A<\/a><\/td>\r\n<td style=\"text-align: center; vertical-align: middle; border-color: #000000;\"><a class=\"yahoorte_class\" title=\"https:\/\/docs.google.com\/spreadsheets\/d\/1N6-_-WY5296whnxCAwx3KfwsR876B9EEubz69Z3I-80\/edit?usp=sharing\" href=\"https:\/\/www.petanque-aveyron.fr\/docs\/Division2veterans\/poule%20A.pdf\" target=\"_blank\" rel=\"noopener noreferrer\">Poule A<\/a><\/td>\r\n<td style=\"text-align: center; vertical-align: middle; border-color: #000000;\"><a class=\"yahoorte_class\" title=\"https:\/\/docs.google.com\/spreadsheets\/d\/19veHoC8bk6EtsBYXHrHAdPCzADFhXzOQmJCRz14QpyU\/edit?usp=sharing\" href=\"https:\/\/www.petanque-aveyron.fr\/docs\/Division3veterans\/poule%20A.pdf\" target=\"_blank\" rel=\"noopener noreferrer\">Poule A<\/a><\/td>\r\n<\/tr>\r\n<tr>\r\n<td style=\"text-align: center; vertical-align: middle; border-color: #000000;\"><a class=\"yahoorte_class\" title=\"https:\/\/docs.google.com\/spreadsheets\/d\/1mUFouKiZQAUm83_jF0lQYW9Kk6liJhVh5f8MTo_bQzs\/edit?usp=sharing\" href=\"https:\/\/www.petanque-aveyron.fr\/docs\/Division1veterans\/poule%20B.pdf\" target=\"_blank\" rel=\"noopener noreferrer\">Poule B<\/a><\/td>\r\n<td style=\"text-align: center; vertical-align: middle; border-color: #000000;\"><a class=\"yahoorte_class\" title=\"https:\/\/docs.google.com\/spreadsheets\/d\/1oNwleAAgMi5IfxvgaivETBq46HkndqR9fuUBF85yjhY\/edit?usp=sharing\" href=\"https:\/\/www.petanque-aveyron.fr\/docs\/Division2veterans\/poule%20B.pdf\" target=\"_blank\" rel=\"noopener noreferrer\">Poule B<\/a><\/td>\r\n<td style=\"text-align: center; vertical-align: middle; border-color: #000000;\"><a class=\"yahoorte_class\" title=\"https:\/\/docs.google.com\/spreadsheets\/d\/1sOd7-5gfxF2JehV_xDLElNaR_Ca9xB7DkrLfT-huUDQ\/edit?usp=sharing\" href=\"https:\/\/www.petanque-aveyron.fr\/docs\/Division3veterans\/poule%20B.pdf\" target=\"_blank\" rel=\"noopener noreferrer\">Poule B<\/a><\/td>\r\n<\/tr>\r\n<tr>\r\n<td style=\"text-align: center; vertical-align: middle; border-color: #000000;\"><\/td>\r\n<td style=\"text-align: center; vertical-align: middle; border-color: #000000;\"><a class=\"yahoorte_class\" title=\"https:\/\/docs.google.com\/spreadsheets\/d\/1MlhDN5dLSuIo3U7JqDW4z75BuuswpsAg62gCL_clATE\/edit?usp=sharing\" href=\"https:\/\/www.petanque-aveyron.fr\/docs\/Division2veterans\/poule%20C.pdf\" target=\"_blank\" rel=\"noopener noreferrer\">Poule C<\/a><\/td>\r\n<td style=\"text-align: center; vertical-align: middle; border-color: #000000;\"><a class=\"yahoorte_class\" title=\"https:\/\/docs.google.com\/spreadsheets\/d\/1ON4C4JkPYPxntFj37FK_kdkPHEOucwjux4rKGlc_moA\/edit?usp=sharing\" href=\"https:\/\/www.petanque-aveyron.fr\/docs\/Division3veterans\/poule%20C.pdf\" target=\"_blank\" rel=\"noopener noreferrer\">Poule C<\/a><\/td>\r\n<\/tr>\r\n<tr>\r\n<td style=\"text-align: center; vertical-align: middle; border-color: #000000;\"><\/td>\r\n<td style=\"text-align: center; vertical-align: middle; border-color: #000000;\"><a class=\"yahoorte_class\" title=\"https:\/\/docs.google.com\/spreadsheets\/d\/1LsQF2Zvi9MLKtgnalvJiU-eji2PfXEwLmCN2QtI8JVQ\/edit?usp=sharing\" href=\"https:\/\/www.petanque-aveyron.fr\/docs\/Division2veterans\/poule%20D.pdf\" target=\"_blank\" rel=\"noopener noreferrer\">Poule D<\/a><\/td>\r\n<td style=\"text-align: center; vertical-align: middle; border-color: #000000;\"><a class=\"yahoorte_class\" title=\"https:\/\/docs.google.com\/spreadsheets\/d\/1wYZBtVuwPXvzU4JNcUFcYzjqwhjl9j-GOTt8hqPdY_o\/edit?usp=sharing\" href=\"https:\/\/www.petanque-aveyron.fr\/docs\/Division3veterans\/poule%20D.pdf\" target=\"_blank\" rel=\"noopener noreferrer\">Poule D<\/a><\/td>\r\n<\/tr>\r\n<tr>\r\n<td style=\"text-align: center; vertical-align: middle; border-color: #000000;\"><\/td>\r\n<td style=\"text-align: center; vertical-align: middle; border-color: #000000;\"><\/td>\r\n<td style=\"text-align: center; vertical-align: middle; border-color: #000000;\"><a class=\"yahoorte_class\" title=\"https:\/\/docs.google.com\/spreadsheets\/d\/1qq_lBDDXPM18UeOS-u4hadMRQ1uG_EzpGF6V6-jDA2E\/edit?usp=sharing\" href=\"https:\/\/www.petanque-aveyron.fr\/docs\/Division3veterans\/poule%20E.pdf\" target=\"_blank\" rel=\"noopener noreferrer\">Poule E<\/a><\/td>\r\n<\/tr>\r\n<tr>\r\n<td style=\"text-align: center; vertical-align: middle; border-color: #000000;\"><\/td>\r\n<td style=\"text-align: center; vertical-align: middle; border-color: #000000;\"><\/td>\r\n<td style=\"text-align: center; vertical-align: middle; border-color: #000000;\"><a class=\"yahoorte_class\" title=\"https:\/\/docs.google.com\/spreadsheets\/d\/1Q2C6MHc0WBHkn4gWjP29XamnCFJzd9uncyJxxCiyZzw\/edit?usp=sharing\" href=\"https:\/\/www.petanque-aveyron.fr\/docs\/Division3veterans\/poule%20F.pdf\" target=\"_blank\" rel=\"noopener noreferrer\">Poule F<\/a><\/td>\r\n<\/tr>\r\n<tr>\r\n<td style=\"text-align: center; vertical-align: middle; border-color: #000000;\"><\/td>\r\n<td style=\"text-align: center; vertical-align: middle; border-color: #000000;\"><\/td>\r\n<td style=\"text-align: center; vertical-align: middle; border-color: #000000;\"><a class=\"yahoorte_class\" href=\"https:\/\/www.petanque-aveyron.fr\/docs\/Division3veterans\/poule%20G.pdf\" target=\"_blank\" rel=\"nofollow noopener noreferrer\">Poule G<\/a><\/td>\r\n<\/tr>\r\n<tr>\r\n<td style=\"text-align: center; vertical-align: middle; border-color: #000000;\"><\/td>\r\n<td style=\"text-align: center; vertical-align: middle; border-color: #000000;\"><\/td>\r\n<td style=\"text-align: center; vertical-align: middle; border-color: #000000;\"><a class=\"yahoorte_class\" href=\"https:\/\/www.petanque-aveyron.fr\/docs\/Division3veterans\/poule%20H.pdf\" target=\"_blank\" rel=\"nofollow noopener noreferrer\">Poule H<\/a><\/td>\r\n<\/tr>\r\n<tr>\r\n<td style=\"text-align: center; vertical-align: middle; border-color: #000000;\"><\/td>\r\n<td style=\"text-align: center; vertical-align: middle; border-color: #000000;\"><\/td>\r\n<td style=\"text-align: center; vertical-align: middle; border-color: #000000;\"><a class=\"yahoorte_class\" href=\"https:\/\/www.petanque-aveyron.fr\/docs\/Division3veterans\/poule%20I.pdf\" target=\"_blank\" rel=\"nofollow noopener noreferrer\">Poule I<\/a><\/td>\r\n<\/tr>\r\n<\/tbody>\r\n<\/table>\r\n&nbsp;\r\n\r\n<center>\r\nProvencal<\/center>&nbsp;\r\n<table style=\"width: 500px;\" border=\"2\" cellspacing=\"1\" cellpadding=\"1\" align=\"center\">\r\n<tbody>\r\n<tr>\r\n<td style=\"text-align: center; vertical-align: middle; background-color: #ffff33; border-color: #000000;\"><a href=\"http:\/\/championnats-aveyron.ovh\/wp-content\/uploads\/2020\/09\/PouleA.pdf\" target=\"_blank\" rel=\"noopener noreferrer\">Poule A<\/a><\/td>\r\n<td style=\"text-align: center; vertical-align: middle; background-color: #ffff33; border-color: #000000;\"><a href=\"http:\/\/championnats-aveyron.ovh\/wp-content\/uploads\/2020\/09\/PouleB.pdf\" target=\"_blank\" rel=\"noopener noreferrer\">Poule B<\/a><\/td>\r\n<td style=\"text-align: center; vertical-align: middle; background-color: #ffff33; border-color: #000000;\"><a href=\"http:\/\/championnats-aveyron.ovh\/wp-content\/uploads\/2020\/09\/PouleC.pdf\" target=\"_blank\" rel=\"noopener noreferrer\">Poule C<\/a><\/td>\r\n<\/tr>\r\n<\/tbody>\r\n<\/table>\r\n<!-- \/wp:post-content -->","protected":false},"excerpt":{"rendered":"<p>Championnats Nationaux Championnats r\u00e9gionaux CRC 1 OPEN CRC 2 OPEN CRC FEMININ Championnats D\u00e9partementaux Jeunes &nbsp; F\u00e9minines&nbsp; Poule 1 Poule 2 Poule 3 Poule 4 &nbsp; Open&nbsp; &nbsp; Division 1 Division 2 Division 3 Division 4 Poule A Poule A Poule A Poule A Poule B Poule B Poule B Poule B Poule C Poule<a class=\"more-link\" href=\"https:\/\/championnats-aveyron.ovh\/?page_id=142\">Lire la suite <span class=\"meta-nav\">&rarr;<\/span><\/a><\/p>\n","protected":false},"author":1,"featured_media":0,"parent":0,"menu_order":0,"comment_status":"closed","ping_status":"closed","template":"","meta":{"footnotes":""},"class_list":["post-142","page","type-page","status-publish","hentry"],"_links":{"self":[{"href":"https:\/\/championnats-aveyron.ovh\/index.php?rest_route=\/wp\/v2\/pages\/142","targetHints":{"allow":["GET"]}}],"collection":[{"href":"https:\/\/championnats-aveyron.ovh\/index.php?rest_route=\/wp\/v2\/pages"}],"about":[{"href":"https:\/\/championnats-aveyron.ovh\/index.php?rest_route=\/wp\/v2\/types\/page"}],"author":[{"embeddable":true,"href":"https:\/\/championnats-aveyron.ovh\/index.php?rest_route=\/wp\/v2\/users\/1"}],"replies":[{"embeddable":true,"href":"https:\/\/championnats-aveyron.ovh\/index.php?rest_route=%2Fwp%2Fv2%2Fcomments&post=142"}],"version-history":[{"count":44,"href":"https:\/\/championnats-aveyron.ovh\/index.php?rest_route=\/wp\/v2\/pages\/142\/revisions"}],"predecessor-version":[{"id":703,"href":"https:\/\/championnats-aveyron.ovh\/index.php?rest_route=\/wp\/v2\/pages\/142\/revisions\/703"}],"wp:attachment":[{"href":"https:\/\/championnats-aveyron.ovh\/index.php?rest_route=%2Fwp%2Fv2%2Fmedia&parent=142"}],"curies":[{"name":"wp","href":"https:\/\/api.w.org\/{rel}","templated":true}]}}