{"id":149,"date":"2018-08-09T16:39:05","date_gmt":"2018-08-09T14:39:05","guid":{"rendered":"http:\/\/championnats-aveyron.ovh\/?page_id=149"},"modified":"2018-08-09T22:45:03","modified_gmt":"2018-08-09T20:45:03","slug":"championnat-daveyron-2017","status":"publish","type":"page","link":"https:\/\/championnats-aveyron.ovh\/?page_id=149","title":{"rendered":"Championnat d&rsquo;Aveyron 2017"},"content":{"rendered":"\r\n<h4><a href=\"http:\/\/%20http:\/\/www.championnats-aveyron.ovh\/2017\/Page_Rslt_Finale_Trip_Masc2017.html\">Triplette <\/a><\/h4>\r\n<h4>\r\n\r\n<\/h4>\r\n<h4><a href=\"http:\/\/www.championnats-aveyron.ovh\/2017\/Page_Rslt_trip_feminin_2017.html\">Triplette F\u00e9minine<\/a><\/h4>\r\n<h4>\r\n\r\n<\/h4>\r\n<h4><a href=\"http:\/\/%20http:\/\/www.championnats-aveyron.ovh\/2017\/Page_Rslt_FinaleX2_masc2017.html\">Doublettes<\/a><\/h4>\r\n<h4>\r\n\r\n<\/h4>\r\n<h4><a href=\"http:\/\/%20http:\/\/www.championnats-aveyron.ovh\/2017\/Page_Rslt_Finalex2fem2017.html\">Doublettes f\u00e9minines<\/a><\/h4>\r\n<h4>\r\n\r\n<\/h4>\r\n<h4><a href=\"http:\/\/%20http:\/\/www.championnats-aveyron.ovh\/2017\/Page_Rslt_Finalex1seniors2017.html\">T\u00eate \u00e0 t\u00eate<\/a><\/h4>\r\n<h4>\r\n\r\n<\/h4>\r\n<h4><a href=\"http:\/\/%20http:\/\/www.championnats-aveyron.ovh\/2017\/Page_Rslt_FinaleX1_fem2017.html\">T\u00eate \u00e0 T\u00eate F\u00e9minin<\/a><\/h4>\r\n<h4>\r\n\r\n<\/h4>\r\n<h4><a href=\"http:\/\/%20http:\/\/www.championnats-aveyron.ovh\/2017\/Page_Rslt_Double_mixte_2017.html\">Doublette Mixte<\/a><\/h4>\r\n<h4>\r\n\r\n<\/h4>\r\n<h4>Triplette Mixte<\/h4>\r\n<h4>\r\n\r\n<\/h4>\r\n<h4><a href=\"http:\/\/%20http:\/\/www.championnats-aveyron.ovh\/2017\/Page_Rslt_Finale_X2_JP2017.html\">Proven\u00e7al Doublette<\/a><\/h4>\r\n<h4><\/h4>\r\n<h4><\/h4>\r\n<h4><a href=\"http:\/\/www.championnats-aveyron.ovh\/2017\/Page_Rslt_Dept_Trip__Prov2017.html\">Proven\u00e7al Triplette<\/a><\/h4>","protected":false},"excerpt":{"rendered":"<p>Triplette Triplette F\u00e9minine Doublettes Doublettes f\u00e9minines T\u00eate \u00e0 t\u00eate T\u00eate \u00e0 T\u00eate F\u00e9minin Doublette Mixte Triplette Mixte Proven\u00e7al Doublette Proven\u00e7al Triplette<\/p>\n","protected":false},"author":1,"featured_media":0,"parent":0,"menu_order":0,"comment_status":"closed","ping_status":"closed","template":"","meta":{"footnotes":""},"class_list":["post-149","page","type-page","status-publish","hentry"],"_links":{"self":[{"href":"https:\/\/championnats-aveyron.ovh\/index.php?rest_route=\/wp\/v2\/pages\/149","targetHints":{"allow":["GET"]}}],"collection":[{"href":"https:\/\/championnats-aveyron.ovh\/index.php?rest_route=\/wp\/v2\/pages"}],"about":[{"href":"https:\/\/championnats-aveyron.ovh\/index.php?rest_route=\/wp\/v2\/types\/page"}],"author":[{"embeddable":true,"href":"https:\/\/championnats-aveyron.ovh\/index.php?rest_route=\/wp\/v2\/users\/1"}],"replies":[{"embeddable":true,"href":"https:\/\/championnats-aveyron.ovh\/index.php?rest_route=%2Fwp%2Fv2%2Fcomments&post=149"}],"version-history":[{"count":6,"href":"https:\/\/championnats-aveyron.ovh\/index.php?rest_route=\/wp\/v2\/pages\/149\/revisions"}],"predecessor-version":[{"id":203,"href":"https:\/\/championnats-aveyron.ovh\/index.php?rest_route=\/wp\/v2\/pages\/149\/revisions\/203"}],"wp:attachment":[{"href":"https:\/\/championnats-aveyron.ovh\/index.php?rest_route=%2Fwp%2Fv2%2Fmedia&parent=149"}],"curies":[{"name":"wp","href":"https:\/\/api.w.org\/{rel}","templated":true}]}}