{"id":192,"date":"2018-08-09T22:07:18","date_gmt":"2018-08-09T20:07:18","guid":{"rendered":"http:\/\/championnats-aveyron.ovh\/?page_id=192"},"modified":"2018-08-09T23:20:42","modified_gmt":"2018-08-09T21:20:42","slug":"championnat-2016","status":"publish","type":"page","link":"https:\/\/championnats-aveyron.ovh\/?page_id=192","title":{"rendered":"Championnat d&rsquo;Aveyron 2016"},"content":{"rendered":"\r\n<h4><a href=\"http:\/\/www.championnats-aveyron.ovh\/2016\/R\u00e9sultats Trip_seniors2016.html\" target=\"_blank\" rel=\"noopener\">Triplette <\/a><\/h4>\r\n<h4>\r\n\r\n<\/h4>\r\n<h4><a href=\"http:\/\/www.championnats-aveyron.ovh\/2016\/Page_Rslt_trip_feminines2016.html\" target=\"_blank\" rel=\"noopener\">Triplette F\u00e9minine<\/a><\/h4>\r\n<h4>\r\n\r\n<\/h4>\r\n<h4><a href=\"http:\/\/www.championnats-aveyron.ovh\/2016\/Page_Rslt_Trip_Promotion2016.html\" target=\"_blank\" rel=\"noopener\">Triplette Promotion<\/a><\/h4>\r\n<h4>\r\n\r\n<\/h4>\r\n<h4><a href=\"http:\/\/www.championnats-aveyron.ovh\/2016\/Page_Rslt_Doublette_seniors2016.html\" target=\"_blank\" rel=\"noopener\">Doublettes<\/a><\/h4>\r\n<h4>\r\n\r\n<\/h4>\r\n<h4><a href=\"http:\/\/www.championnats-aveyron.ovh\/2016\/R\u00e9sultats Doublette_Feminines2016.html\" target=\"_blank\" rel=\"noopener\">Doublettes f\u00e9minines<\/a><\/h4>\r\n<h4>\r\n\r\n<\/h4>\r\n<h4><a href=\"http:\/\/www.championnats-aveyron.ovh\/2016\/Page_Rslt_TaT_seniors2016.html\" target=\"_blank\" rel=\"noopener\">T\u00eate \u00e0 t\u00eate<\/a><\/h4>\r\n<h4>\r\n\r\n<\/h4>\r\n<h4><a href=\"http:\/\/%20http:\/\/www.championnats-aveyron.ovh\/2016\/Page_Rslt_trip_feminines2016.html\" target=\"_blank\" rel=\"noopener\">T\u00eate \u00e0 T\u00eate F\u00e9minin<\/a><\/h4>\r\n<h4>\r\n\r\n<\/h4>\r\n<h4><a href=\"http:\/\/www.championnats-aveyron.ovh\/2016\/Page_Rslt_Finale_DM2016.html\" target=\"_blank\" rel=\"noopener\">Doublette Mixte<\/a><\/h4>\r\n<h4>\r\n\r\n<\/h4>\r\n<h4><a href=\"http:\/\/www.championnats-aveyron.ovh\/2016\/Page_Rslt_Triple_mixte2016.html\" target=\"_blank\" rel=\"noopener\">Triplette Mixte<\/a><\/h4>\r\n<h4>\r\n\r\n<\/h4>\r\n<h4>Proven\u00e7al Doublette<\/h4>\r\n<h4>\r\n\r\n<\/h4>\r\n<h4>Proven\u00e7al Triplette<\/h4>\r\n","protected":false},"excerpt":{"rendered":"<p>Triplette Triplette F\u00e9minine Triplette Promotion Doublettes Doublettes f\u00e9minines T\u00eate \u00e0 t\u00eate T\u00eate \u00e0 T\u00eate F\u00e9minin Doublette Mixte Triplette Mixte Proven\u00e7al Doublette Proven\u00e7al Triplette<\/p>\n","protected":false},"author":1,"featured_media":0,"parent":0,"menu_order":0,"comment_status":"closed","ping_status":"closed","template":"","meta":{"footnotes":""},"class_list":["post-192","page","type-page","status-publish","hentry"],"_links":{"self":[{"href":"https:\/\/championnats-aveyron.ovh\/index.php?rest_route=\/wp\/v2\/pages\/192","targetHints":{"allow":["GET"]}}],"collection":[{"href":"https:\/\/championnats-aveyron.ovh\/index.php?rest_route=\/wp\/v2\/pages"}],"about":[{"href":"https:\/\/championnats-aveyron.ovh\/index.php?rest_route=\/wp\/v2\/types\/page"}],"author":[{"embeddable":true,"href":"https:\/\/championnats-aveyron.ovh\/index.php?rest_route=\/wp\/v2\/users\/1"}],"replies":[{"embeddable":true,"href":"https:\/\/championnats-aveyron.ovh\/index.php?rest_route=%2Fwp%2Fv2%2Fcomments&post=192"}],"version-history":[{"count":12,"href":"https:\/\/championnats-aveyron.ovh\/index.php?rest_route=\/wp\/v2\/pages\/192\/revisions"}],"predecessor-version":[{"id":216,"href":"https:\/\/championnats-aveyron.ovh\/index.php?rest_route=\/wp\/v2\/pages\/192\/revisions\/216"}],"wp:attachment":[{"href":"https:\/\/championnats-aveyron.ovh\/index.php?rest_route=%2Fwp%2Fv2%2Fmedia&parent=192"}],"curies":[{"name":"wp","href":"https:\/\/api.w.org\/{rel}","templated":true}]}}