{"id":263,"date":"2018-08-13T15:34:04","date_gmt":"2018-08-13T13:34:04","guid":{"rendered":"http:\/\/championnats-aveyron.ovh\/?page_id=263"},"modified":"2018-08-17T18:18:17","modified_gmt":"2018-08-17T16:18:17","slug":"championnats-jeunes-2018","status":"publish","type":"page","link":"https:\/\/championnats-aveyron.ovh\/?page_id=263","title":{"rendered":"Championnats Jeunes 2018"},"content":{"rendered":"\r\n<p>Triplettes<\/p>\r\n\r\n\r\n\r\n<ul class=\"wp-block-list\">\r\n<li><a href=\"http:\/\/www.championnats-aveyron.ovh\/2018\/Page_Rslt_minimesX3.html\" target=\"_blank\" rel=\"noopener\">Minimes<\/a><\/li>\r\n<li><a href=\"http:\/\/www.championnats-aveyron.ovh\/2018\/Page_Rslt_CadetsX3.html\" target=\"_blank\" rel=\"noopener\">Cadets<\/a><\/li>\r\n<li><a href=\"http:\/\/www.championnats-aveyron.ovh\/2018\/Page_Rslt_JuniorsX3.html\" target=\"_blank\" rel=\"noopener\">Juniors<\/a><\/li>\r\n<\/ul>\r\n\r\n\r\n\r\n<p>Doublettes<\/p>\r\n\r\n\r\n\r\n<ul class=\"wp-block-list\">\r\n<li><a href=\"http:\/\/www.championnats-aveyron.ovh\/2018\/Page_Rslt_X2_benjamins2018.html\" target=\"_blank\" rel=\"noopener\">Benjamins<\/a><\/li>\r\n<li><a href=\"http:\/\/www.championnats-aveyron.ovh\/2018\/Page_Rslt_X2_minimes2018.html\" target=\"_blank\" rel=\"noopener\">Minimes<\/a><\/li>\r\n<li><a href=\"http:\/\/www.championnats-aveyron.ovh\/2018\/Page_Rslt_X2_cadets2018.html\" target=\"_blank\" rel=\"noopener\">Cadets<\/a><\/li>\r\n<li><a href=\"http:\/\/www.championnats-aveyron.ovh\/2018\/Page_Rslt_X2_juniors2018.html\" target=\"_blank\" rel=\"noopener\">Juniors<\/a><\/li>\r\n<\/ul>\r\n\r\n\r\n\r\n<p>T\u00eate \u00e0 t\u00eate<\/p>\r\n\r\n\r\n\r\n<ul class=\"wp-block-list\">\r\n<li><a href=\"http:\/\/www.championnats-aveyron.ovh\/2018\/Page_Rslt_X1_Minimes.html\" target=\"_blank\" rel=\"noopener\">Minimes<\/a><\/li>\r\n<li><a href=\"http:\/\/www.championnats-aveyron.ovh\/2018\/Page_Rslt_X1_cadets.html\" target=\"_blank\" rel=\"noopener\">Cadets<\/a><\/li>\r\n<li><a href=\"http:\/\/www.championnats-aveyron.ovh\/2018\/Page_Rslt_X1_juniors.html\" target=\"_blank\" rel=\"noopener\">Juniors<\/a><\/li>\r\n<\/ul>\r\n","protected":false},"excerpt":{"rendered":"<p>Triplettes Minimes Cadets Juniors Doublettes Benjamins Minimes Cadets Juniors T\u00eate \u00e0 t\u00eate Minimes Cadets Juniors<\/p>\n","protected":false},"author":1,"featured_media":0,"parent":0,"menu_order":0,"comment_status":"closed","ping_status":"closed","template":"","meta":{"footnotes":""},"class_list":["post-263","page","type-page","status-publish","hentry"],"_links":{"self":[{"href":"https:\/\/championnats-aveyron.ovh\/index.php?rest_route=\/wp\/v2\/pages\/263","targetHints":{"allow":["GET"]}}],"collection":[{"href":"https:\/\/championnats-aveyron.ovh\/index.php?rest_route=\/wp\/v2\/pages"}],"about":[{"href":"https:\/\/championnats-aveyron.ovh\/index.php?rest_route=\/wp\/v2\/types\/page"}],"author":[{"embeddable":true,"href":"https:\/\/championnats-aveyron.ovh\/index.php?rest_route=\/wp\/v2\/users\/1"}],"replies":[{"embeddable":true,"href":"https:\/\/championnats-aveyron.ovh\/index.php?rest_route=%2Fwp%2Fv2%2Fcomments&post=263"}],"version-history":[{"count":6,"href":"https:\/\/championnats-aveyron.ovh\/index.php?rest_route=\/wp\/v2\/pages\/263\/revisions"}],"predecessor-version":[{"id":278,"href":"https:\/\/championnats-aveyron.ovh\/index.php?rest_route=\/wp\/v2\/pages\/263\/revisions\/278"}],"wp:attachment":[{"href":"https:\/\/championnats-aveyron.ovh\/index.php?rest_route=%2Fwp%2Fv2%2Fmedia&parent=263"}],"curies":[{"name":"wp","href":"https:\/\/api.w.org\/{rel}","templated":true}]}}