{"id":301,"date":"2019-02-05T20:25:45","date_gmt":"2019-02-05T19:25:45","guid":{"rendered":"http:\/\/championnats-aveyron.ovh\/?page_id=301"},"modified":"2020-02-26T22:25:16","modified_gmt":"2020-02-26T21:25:16","slug":"championnats-2019","status":"publish","type":"page","link":"https:\/\/championnats-aveyron.ovh\/?page_id=301","title":{"rendered":"Championnats 2019"},"content":{"rendered":"\r\n\r\n<p><a href=\"http:\/\/championnats-aveyron.ovh\/Page_Rslt_Coupe_VeteransX3.html\" target=\"_blank\" rel=\"noopener noreferrer\">Coupe triplette mixte v\u00e9t\u00e9rans<\/a><\/p>\r\n\r\n\r\n\r\n<p><a href=\"http:\/\/championnats-aveyron.ovh\/2019\/Page_Rslt_X1Feminin2019.html\" target=\"_blank\" rel=\"noreferrer noopener\" aria-label=\"T\u00eate \u00e0 t\u00eate F\u00e9minin (s\u2019ouvre dans un nouvel onglet)\">T\u00eate \u00e0 t\u00eate F\u00e9minin<\/a><\/p>\r\n\r\n\r\n\r\n<p><a href=\"http:\/\/championnats-aveyron.ovh\/2019\/Page_Rslt_X2SENIORS2019.html\" target=\"_blank\" rel=\"noreferrer noopener\" aria-label=\"Doublette S\u00e9niors (s\u2019ouvre dans un nouvel onglet)\">Doublette S\u00e9niors<\/a><\/p>\r\n\r\n\r\n\r\n<p><a href=\"http:\/\/championnats-aveyron.ovh\/2019\/Page_Rslt_X3Feminines2019.html\" target=\"_blank\" rel=\"noreferrer noopener\" aria-label=\"Triplette F\u00e9minines (s\u2019ouvre dans un nouvel onglet)\">Triplette F\u00e9minines<\/a><\/p>\r\n\r\n\r\n\r\n<p><a href=\"http:\/\/championnats-aveyron.ovh\/2019\/Page_Rslt_X3Seniors2019.html\" target=\"_blank\" rel=\"noreferrer noopener\" aria-label=\" (s\u2019ouvre dans un nouvel onglet)\">Triplette S\u00e9niors<\/a><\/p>\r\n\r\n\r\n\r\n<p><a href=\"http:\/\/championnats-aveyron.ovh\/2019\/Page_Rslt_ChpX3_Provencal_19.html\" target=\"_blank\" rel=\"noreferrer noopener\" aria-label=\"Triplette Jeu proven\u00e7al (s\u2019ouvre dans un nouvel onglet)\">Triplette Jeu proven\u00e7al<\/a><\/p>\r\n\r\n\r\n\r\n<p><a href=\"http:\/\/championnats-aveyron.ovh\/2019\/Page_Rslt_PH2VETERANS2019.html\" target=\"_blank\" rel=\"noreferrer noopener\" aria-label=\"Triplette v\u00e9t\u00e9rans Ph 2 (s\u2019ouvre dans un nouvel onglet)\">Triplette v\u00e9t\u00e9rans Ph 2<\/a><\/p>\r\n\r\n\r\n\r\n<p><a href=\"http:\/\/championnats-aveyron.ovh\/2019\/Page_Rslt_X1SENIORS2019.html\" target=\"_blank\" rel=\"noreferrer noopener\" aria-label=\"T\u00eate \u00e0 t\u00eate S\u00e9niors (s\u2019ouvre dans un nouvel onglet)\">T\u00eate \u00e0 t\u00eate S\u00e9niors<\/a><\/p>\r\n\r\n\r\n\r\n<p><a href=\"http:\/\/championnats-aveyron.ovh\/2019\/Page_Rslt_x2FEMININES2019.html\" target=\"_blank\" rel=\"noreferrer noopener\" aria-label=\"Doublette F\u00e9minine (s\u2019ouvre dans un nouvel onglet)\">Doublette F\u00e9minine<\/a><\/p>\r\n\r\n\r\n\r\n<p><a href=\"http:\/\/championnats-aveyron.ovh\/2019\/Page_Rslt_CHpX2Provencal2019.html\" target=\"_blank\" rel=\"noreferrer noopener\" aria-label=\"Doublette proven\u00e7al (s\u2019ouvre dans un nouvel onglet)\">Doublette proven\u00e7al<\/a><\/p>\r\n\r\n\r\n\r\n<p><a href=\"http:\/\/championnats-aveyron.ovh\/2019\/X3_Mixte_2019_Liste%20Poules.pdf\">Triplette Mixte<\/a><\/p>\r\n<p><a href=\"http:\/\/championnats-aveyron.ovh\/2019\/Page_Rslt_X3Promotion2019.html\">Triplette Promotion<\/a><\/p>\r\n<p><a href=\"http:\/\/championnats-aveyron.ovh\/2019\/Page_Rslt_X2Veterans2019.html\">Coupe doublette v\u00e9t\u00e9rans<\/a><\/p>\r\n","protected":false},"excerpt":{"rendered":"<p>Coupe triplette mixte v\u00e9t\u00e9rans T\u00eate \u00e0 t\u00eate F\u00e9minin Doublette S\u00e9niors Triplette F\u00e9minines Triplette S\u00e9niors Triplette Jeu proven\u00e7al Triplette v\u00e9t\u00e9rans Ph 2 T\u00eate \u00e0 t\u00eate S\u00e9niors Doublette F\u00e9minine Doublette proven\u00e7al Triplette Mixte Triplette Promotion Coupe doublette v\u00e9t\u00e9rans<\/p>\n","protected":false},"author":1,"featured_media":0,"parent":0,"menu_order":0,"comment_status":"closed","ping_status":"closed","template":"","meta":{"footnotes":""},"class_list":["post-301","page","type-page","status-publish","hentry"],"_links":{"self":[{"href":"https:\/\/championnats-aveyron.ovh\/index.php?rest_route=\/wp\/v2\/pages\/301","targetHints":{"allow":["GET"]}}],"collection":[{"href":"https:\/\/championnats-aveyron.ovh\/index.php?rest_route=\/wp\/v2\/pages"}],"about":[{"href":"https:\/\/championnats-aveyron.ovh\/index.php?rest_route=\/wp\/v2\/types\/page"}],"author":[{"embeddable":true,"href":"https:\/\/championnats-aveyron.ovh\/index.php?rest_route=\/wp\/v2\/users\/1"}],"replies":[{"embeddable":true,"href":"https:\/\/championnats-aveyron.ovh\/index.php?rest_route=%2Fwp%2Fv2%2Fcomments&post=301"}],"version-history":[{"count":14,"href":"https:\/\/championnats-aveyron.ovh\/index.php?rest_route=\/wp\/v2\/pages\/301\/revisions"}],"predecessor-version":[{"id":571,"href":"https:\/\/championnats-aveyron.ovh\/index.php?rest_route=\/wp\/v2\/pages\/301\/revisions\/571"}],"wp:attachment":[{"href":"https:\/\/championnats-aveyron.ovh\/index.php?rest_route=%2Fwp%2Fv2%2Fmedia&parent=301"}],"curies":[{"name":"wp","href":"https:\/\/api.w.org\/{rel}","templated":true}]}}