{"id":342,"date":"2019-04-21T15:02:46","date_gmt":"2019-04-21T13:02:46","guid":{"rendered":"http:\/\/championnats-aveyron.ovh\/?page_id=342"},"modified":"2019-04-21T15:02:46","modified_gmt":"2019-04-21T13:02:46","slug":"championnats-jeunes-2019","status":"publish","type":"page","link":"https:\/\/championnats-aveyron.ovh\/?page_id=342","title":{"rendered":"Championnats jeunes 2019"},"content":{"rendered":"\n<p>Triplettes<\/p>\n\n\n\n<ul class=\"wp-block-list\"><li>Minimes<\/li><li>Cadets<\/li><li>Juniors<\/li><\/ul>\n\n\n\n<p>Doublettes<\/p>\n\n\n\n<ul class=\"wp-block-list\"><li>Benjamins<\/li><li>Minimes<\/li><li>Cadets<\/li><li>Juniors<\/li><\/ul>\n\n\n\n<p>T\u00eate \u00e0 t\u00eate<\/p>\n\n\n\n<ul class=\"wp-block-list\"><li><a rel=\"noreferrer noopener\" aria-label=\"Minimes (s\u2019ouvre dans un nouvel onglet)\" href=\"http:\/\/championnats-aveyron.ovh\/2019\/Page_Rslt_Chp_TAT_Minimes2019.html\" target=\"_blank\">Minimes<\/a><\/li><li><a rel=\"noreferrer noopener\" aria-label=\" (s\u2019ouvre dans un nouvel onglet)\" href=\"http:\/\/championnats-aveyron.ovh\/2019\/Page_Rslt_Chp_TAT_Cadets19.html\" target=\"_blank\">Cadets<\/a><\/li><li><a href=\"http:\/\/championnats-aveyron.ovh\/2019\/Page_Rslt_Chp_TAT_Juniors_19.html\" target=\"_blank\" rel=\"noreferrer noopener\" aria-label=\" (s\u2019ouvre dans un nouvel onglet)\">Juniors<\/a><\/li><\/ul>\n\n\n\n<p><br><\/p>\n","protected":false},"excerpt":{"rendered":"<p>Triplettes Minimes Cadets Juniors Doublettes Benjamins Minimes Cadets Juniors T\u00eate \u00e0 t\u00eate Minimes Cadets Juniors<\/p>\n","protected":false},"author":1,"featured_media":0,"parent":0,"menu_order":0,"comment_status":"closed","ping_status":"closed","template":"","meta":{"footnotes":""},"class_list":["post-342","page","type-page","status-publish","hentry"],"_links":{"self":[{"href":"https:\/\/championnats-aveyron.ovh\/index.php?rest_route=\/wp\/v2\/pages\/342","targetHints":{"allow":["GET"]}}],"collection":[{"href":"https:\/\/championnats-aveyron.ovh\/index.php?rest_route=\/wp\/v2\/pages"}],"about":[{"href":"https:\/\/championnats-aveyron.ovh\/index.php?rest_route=\/wp\/v2\/types\/page"}],"author":[{"embeddable":true,"href":"https:\/\/championnats-aveyron.ovh\/index.php?rest_route=\/wp\/v2\/users\/1"}],"replies":[{"embeddable":true,"href":"https:\/\/championnats-aveyron.ovh\/index.php?rest_route=%2Fwp%2Fv2%2Fcomments&post=342"}],"version-history":[{"count":1,"href":"https:\/\/championnats-aveyron.ovh\/index.php?rest_route=\/wp\/v2\/pages\/342\/revisions"}],"predecessor-version":[{"id":343,"href":"https:\/\/championnats-aveyron.ovh\/index.php?rest_route=\/wp\/v2\/pages\/342\/revisions\/343"}],"wp:attachment":[{"href":"https:\/\/championnats-aveyron.ovh\/index.php?rest_route=%2Fwp%2Fv2%2Fmedia&parent=342"}],"curies":[{"name":"wp","href":"https:\/\/api.w.org\/{rel}","templated":true}]}}