{"id":390,"date":"2019-05-06T22:57:39","date_gmt":"2019-05-06T20:57:39","guid":{"rendered":"http:\/\/championnats-aveyron.ovh\/?page_id=390"},"modified":"2024-06-26T18:16:38","modified_gmt":"2024-06-26T16:16:38","slug":"390-2","status":"publish","type":"page","link":"https:\/\/championnats-aveyron.ovh\/?page_id=390","title":{"rendered":"V\u00e9t\u00e9rans Division 1"},"content":{"rendered":"<p><span style=\"font-family: arial, helvetica, sans-serif;\"><strong>Listes des joueurs \u00e9quipes Division 1 poule A<\/strong><\/span><\/p>\n<table dir=\"ltr\" style=\"width: 312px;\" cellspacing=\"0\" cellpadding=\"0\">\n<colgroup>\n<col width=\"314\" \/><\/colgroup>\n<tbody>\n<tr>\n<td style=\"width: 312px;\" data-sheets-value=\"{&quot;1&quot;:2,&quot;2&quot;:&quot;P\u00e9tanque Forezienne Firmi 1&quot;}\"><span style=\"font-family: arial, helvetica, sans-serif;\"><a href=\"https:\/\/docs.google.com\/spreadsheets\/d\/1WYuTwg4CJ51CAF8RDF27T24T2gIZXOhu\/edit?usp=sharing&amp;ouid=105180136357543124137&amp;rtpof=true&amp;sd=true\" target=\"_blank\" rel=\"noopener\">P\u00e9tanque Forezienne Firmi 1<\/a><\/span><\/td>\n<\/tr>\n<tr>\n<td style=\"width: 312px;\" data-sheets-value=\"{&quot;1&quot;:2,&quot;2&quot;:&quot;Quatre Saisons PC 3&quot;}\"><span style=\"font-family: arial, helvetica, sans-serif;\"><a href=\"https:\/\/docs.google.com\/spreadsheets\/d\/1DAYlOaVcEP2UXN-ZVahV29aYb786pC3S\/edit?usp=sharing&amp;ouid=105180136357543124137&amp;rtpof=true&amp;sd=true\" target=\"_blank\" rel=\"noopener\">Quatre Saisons PC 3<\/a><\/span><\/td>\n<\/tr>\n<tr>\n<td style=\"width: 312px;\" data-sheets-value=\"{&quot;1&quot;:2,&quot;2&quot;:&quot;EPSA 1&quot;}\"><a href=\"https:\/\/docs.google.com\/spreadsheets\/d\/1Y5fg8qV-6ZFGfNXBXQ4xYD_UlwNYU7OI\/edit?usp=sharing&amp;ouid=105180136357543124137&amp;rtpof=true&amp;sd=true\" target=\"_blank\" rel=\"noopener\"><span style=\"font-family: arial, helvetica, sans-serif;\">EPSA 1<\/span><\/a><\/td>\n<\/tr>\n<tr>\n<td style=\"width: 312px;\" data-sheets-value=\"{&quot;1&quot;:2,&quot;2&quot;:&quot;Pc Vailhourles V\/M 1&quot;}\"><span style=\"font-family: arial, helvetica, sans-serif;\"><a href=\"https:\/\/docs.google.com\/spreadsheets\/d\/1_B8oAkvFTHyePa3YhnpVNKwWFWKkBBv2\/edit?usp=sharing&amp;ouid=105180136357543124137&amp;rtpof=true&amp;sd=true\" target=\"_blank\" rel=\"noopener\">Pc Vailhourles V\/M 1<\/a><\/span><\/td>\n<\/tr>\n<tr>\n<td style=\"width: 312px;\" data-sheets-value=\"{&quot;1&quot;:2,&quot;2&quot;:&quot;PC Naucellois 1&quot;}\"><span style=\"font-family: arial, helvetica, sans-serif;\"><a href=\"https:\/\/docs.google.com\/spreadsheets\/d\/1WWQqlngrQX3zadq4v2rDeUpSJsBEmRi_\/edit?usp=sharing&amp;ouid=105180136357543124137&amp;rtpof=true&amp;sd=true\" target=\"_blank\" rel=\"noopener\">PC Naucellois 1<\/a><\/span><\/td>\n<\/tr>\n<tr>\n<td style=\"width: 312px;\" data-sheets-value=\"{&quot;1&quot;:2,&quot;2&quot;:&quot;Petan club Agnac 1&quot;}\"><a href=\"https:\/\/docs.google.com\/spreadsheets\/d\/1DPpIVbGycoQrSrs7qSE5UupavxBqFBoq\/edit?usp=sharing&amp;ouid=105180136357543124137&amp;rtpof=true&amp;sd=true\" target=\"_blank\" rel=\"noopener\"><span style=\"font-family: arial, helvetica, sans-serif;\">Petan club Agnac 1<\/span><\/a><\/td>\n<\/tr>\n<tr>\n<td style=\"width: 312px;\" data-sheets-value=\"{&quot;1&quot;:2,&quot;2&quot;:&quot;Val de Di\u00e8ge - Salles Courbatiies 1&quot;}\"><span style=\"font-family: arial, helvetica, sans-serif;\"><a href=\"https:\/\/docs.google.com\/spreadsheets\/d\/1w0PoY8osOUq37so6D5ElFTwTZ2Ktp8jh\/edit?usp=sharing&amp;ouid=105180136357543124137&amp;rtpof=true&amp;sd=true\" target=\"_blank\" rel=\"noopener\">Val de Di\u00e8ge &#8211; Salles Courbaties 1<\/a><\/span><\/td>\n<\/tr>\n<\/tbody>\n<\/table>\n<p><span style=\"font-family: arial, helvetica, sans-serif;\"><strong>Listes des joueurs \u00e9quipes Division 1 poule B<\/strong><\/span><\/p>\n<table dir=\"ltr\" style=\"width: 19.4821%;\" cellspacing=\"0\" cellpadding=\"0\">\n<colgroup>\n<col width=\"220\" \/><\/colgroup>\n<tbody>\n<tr>\n<td style=\"width: 100%;\" data-sheets-value=\"{&quot;1&quot;:2,&quot;2&quot;:&quot;Amicale P\u00e9tanque Espalion 2&quot;}\"><span style=\"font-family: arial, helvetica, sans-serif;\"><a href=\"https:\/\/docs.google.com\/spreadsheets\/d\/1qrV27lDiHF3jjeNNmQ4wL1U655bg6vbL\/edit?usp=sharing&amp;ouid=105180136357543124137&amp;rtpof=true&amp;sd=true\" target=\"_blank\" rel=\"noopener\">Amicale P\u00e9tanque Espalion 2<\/a><\/span><\/td>\n<\/tr>\n<tr>\n<td style=\"width: 100%;\" data-sheets-value=\"{&quot;1&quot;:2,&quot;2&quot;:&quot;EPSA 2 &quot;}\"><a href=\"https:\/\/docs.google.com\/spreadsheets\/d\/1Y5fg8qV-6ZFGfNXBXQ4xYD_UlwNYU7OI\/edit?usp=sharing&amp;ouid=105180136357543124137&amp;rtpof=true&amp;sd=true\" target=\"_blank\" rel=\"noopener\"><span style=\"font-family: arial, helvetica, sans-serif;\">EPSA 2<\/span><\/a><\/td>\n<\/tr>\n<tr>\n<td style=\"width: 100%;\" data-sheets-value=\"{&quot;1&quot;:2,&quot;2&quot;:&quot;PJ Millau 2&quot;}\"><span style=\"font-family: arial, helvetica, sans-serif;\"><a href=\"https:\/\/docs.google.com\/spreadsheets\/d\/1XRJCIKycH-_d28XxFDk3rugCKOlY8RNk\/edit?usp=sharing&amp;ouid=105180136357543124137&amp;rtpof=true&amp;sd=true\" target=\"_blank\" rel=\"noopener\">PJ Millau 2<\/a><\/span><\/td>\n<\/tr>\n<tr>\n<td style=\"width: 100%;\" data-sheets-value=\"{&quot;1&quot;:2,&quot;2&quot;:&quot;PC S\u00e9bazac 2&quot;}\"><span style=\"font-family: arial, helvetica, sans-serif;\"><a href=\"https:\/\/docs.google.com\/spreadsheets\/d\/10k8SZU5K2MHFsNQwfRHbqhFOv1B3tukF\/edit?usp=sharing&amp;ouid=105180136357543124137&amp;rtpof=true&amp;sd=true\" target=\"_blank\" rel=\"noopener\">PC S\u00e9bazac 2<\/a><\/span><\/td>\n<\/tr>\n<tr>\n<td style=\"width: 100%;\" data-sheets-value=\"{&quot;1&quot;:2,&quot;2&quot;:&quot;Costes rouges PC 1&quot;}\"><span style=\"font-family: arial, helvetica, sans-serif;\"><a href=\"https:\/\/docs.google.com\/spreadsheets\/d\/11G1Wj1xcpIkfbYyfNBvqODZR9qeUOS2R\/edit?usp=sharing&amp;ouid=105180136357543124137&amp;rtpof=true&amp;sd=true\" target=\"_blank\" rel=\"noopener\">Costes rouges PC 1<\/a><\/span><\/td>\n<\/tr>\n<tr>\n<td style=\"width: 100%;\" data-sheets-value=\"{&quot;1&quot;:2,&quot;2&quot;:&quot;Bas Levezou - Saint Beauzely 1&quot;}\"><span style=\"font-family: arial, helvetica, sans-serif;\"><a href=\"https:\/\/docs.google.com\/spreadsheets\/d\/1UhAy__jc04aVbSbFLYgVPub8MCdcW728\/edit?usp=sharing&amp;ouid=105180136357543124137&amp;rtpof=true&amp;sd=true\" target=\"_blank\" rel=\"noopener\">Bas Levezou &#8211; Saint Beauzely 1<\/a><\/span><\/td>\n<\/tr>\n<tr>\n<td style=\"width: 100%;\" data-sheets-value=\"{&quot;1&quot;:2,&quot;2&quot;:&quot;Quatre Saisons PC 2&quot;}\"><span style=\"font-family: arial, helvetica, sans-serif;\"><a href=\"https:\/\/docs.google.com\/spreadsheets\/d\/1DAYlOaVcEP2UXN-ZVahV29aYb786pC3S\/edit?usp=sharing&amp;ouid=105180136357543124137&amp;rtpof=true&amp;sd=true\" target=\"_blank\" rel=\"noopener\">Quatre Saisons PC 2<\/a><\/span><\/td>\n<\/tr>\n<\/tbody>\n<\/table>\n","protected":false},"excerpt":{"rendered":"<p>Listes des joueurs \u00e9quipes Division 1 poule A P\u00e9tanque Forezienne Firmi 1 Quatre Saisons PC 3 EPSA 1 Pc Vailhourles V\/M 1 PC Naucellois 1 Petan club Agnac 1 Val de Di\u00e8ge &#8211; Salles Courbaties 1 Listes des joueurs \u00e9quipes Division 1 poule B Amicale P\u00e9tanque Espalion 2 EPSA 2 PJ Millau 2 PC S\u00e9bazac<a class=\"more-link\" href=\"https:\/\/championnats-aveyron.ovh\/?page_id=390\">Lire la suite <span class=\"meta-nav\">&rarr;<\/span><\/a><\/p>\n","protected":false},"author":1,"featured_media":0,"parent":0,"menu_order":0,"comment_status":"closed","ping_status":"closed","template":"","meta":{"footnotes":""},"class_list":["post-390","page","type-page","status-publish","hentry"],"_links":{"self":[{"href":"https:\/\/championnats-aveyron.ovh\/index.php?rest_route=\/wp\/v2\/pages\/390","targetHints":{"allow":["GET"]}}],"collection":[{"href":"https:\/\/championnats-aveyron.ovh\/index.php?rest_route=\/wp\/v2\/pages"}],"about":[{"href":"https:\/\/championnats-aveyron.ovh\/index.php?rest_route=\/wp\/v2\/types\/page"}],"author":[{"embeddable":true,"href":"https:\/\/championnats-aveyron.ovh\/index.php?rest_route=\/wp\/v2\/users\/1"}],"replies":[{"embeddable":true,"href":"https:\/\/championnats-aveyron.ovh\/index.php?rest_route=%2Fwp%2Fv2%2Fcomments&post=390"}],"version-history":[{"count":31,"href":"https:\/\/championnats-aveyron.ovh\/index.php?rest_route=\/wp\/v2\/pages\/390\/revisions"}],"predecessor-version":[{"id":1267,"href":"https:\/\/championnats-aveyron.ovh\/index.php?rest_route=\/wp\/v2\/pages\/390\/revisions\/1267"}],"wp:attachment":[{"href":"https:\/\/championnats-aveyron.ovh\/index.php?rest_route=%2Fwp%2Fv2%2Fmedia&parent=390"}],"curies":[{"name":"wp","href":"https:\/\/api.w.org\/{rel}","templated":true}]}}