{"id":891,"date":"2022-04-09T10:41:09","date_gmt":"2022-04-09T08:41:09","guid":{"rendered":"https:\/\/championnats-aveyron.ovh\/?page_id=891"},"modified":"2022-04-09T10:44:31","modified_gmt":"2022-04-09T08:44:31","slug":"championnats-2021-2","status":"publish","type":"page","link":"https:\/\/championnats-aveyron.ovh\/?page_id=891","title":{"rendered":"2021"},"content":{"rendered":"<div class=\"entry-content\">\n<p><a href=\"https:\/\/www.petanque-aveyron.fr\/Triplette-mixte-veterans-2021_a1369.html\" target=\"_blank\" rel=\"noopener noreferrer\">Coupe triplette mixte v\u00e9t\u00e9rans<\/a><\/p>\n<p><a href=\"https:\/\/www.petanque-aveyron.fr\/Finales-triplettes-2021_a1352.html\" target=\"_blank\" rel=\"noreferrer noopener\" aria-label=\" (s\u2019ouvre dans un nouvel onglet)\">Triplettes s\u00e9niors et f\u00e9minines<\/a><\/p>\n<p><a href=\"https:\/\/www.petanque-aveyron.fr\/Finale-doublette-mixte-Triplette-jeunes_a1358.html\" target=\"_blank\" rel=\"noopener\">Doublette mixte<\/a><\/p>\n<p><a href=\"https:\/\/www.petanque-aveyron.fr\/Triplette-Provencal_a1359.html\" target=\"_blank\" rel=\"noreferrer noopener\" aria-label=\"Triplette Jeu proven\u00e7al (s\u2019ouvre dans un nouvel onglet)\">Triplette Jeu proven\u00e7al<\/a><\/p>\n<p><a href=\"https:\/\/www.petanque-aveyron.fr\/Championnats-veterans-Phase-2_a1351.html\" target=\"_blank\" rel=\"noreferrer noopener\" aria-label=\"Triplette v\u00e9t\u00e9rans Ph 2 (s\u2019ouvre dans un nouvel onglet)\">Triplette v\u00e9t\u00e9rans Ph 2<\/a><\/p>\n<p><a href=\"https:\/\/www.petanque-aveyron.fr\/Triplette-Mixte-2021_a1366.html\" target=\"_blank\" rel=\"noopener\">Triplette Mixte<\/a><\/p>\n<p><a href=\"https:\/\/www.petanque-aveyron.fr\/Championnats-promotions_a1347.html\" target=\"_blank\" rel=\"noopener\">Triplette Promotion<\/a><\/p>\n<p><a href=\"https:\/\/www.petanque-aveyron.fr\/Coupe-doublette-veterans_a1368.html\" target=\"_blank\" rel=\"noopener\">Coupe doublette v\u00e9t\u00e9rans<\/a><\/p>\n<\/div>\n","protected":false},"excerpt":{"rendered":"<p>Coupe triplette mixte v\u00e9t\u00e9rans Triplettes s\u00e9niors et f\u00e9minines Doublette mixte Triplette Jeu proven\u00e7al Triplette v\u00e9t\u00e9rans Ph 2 Triplette Mixte Triplette Promotion Coupe doublette v\u00e9t\u00e9rans<\/p>\n","protected":false},"author":1,"featured_media":0,"parent":0,"menu_order":0,"comment_status":"closed","ping_status":"closed","template":"","meta":{"footnotes":""},"class_list":["post-891","page","type-page","status-publish","hentry"],"_links":{"self":[{"href":"https:\/\/championnats-aveyron.ovh\/index.php?rest_route=\/wp\/v2\/pages\/891","targetHints":{"allow":["GET"]}}],"collection":[{"href":"https:\/\/championnats-aveyron.ovh\/index.php?rest_route=\/wp\/v2\/pages"}],"about":[{"href":"https:\/\/championnats-aveyron.ovh\/index.php?rest_route=\/wp\/v2\/types\/page"}],"author":[{"embeddable":true,"href":"https:\/\/championnats-aveyron.ovh\/index.php?rest_route=\/wp\/v2\/users\/1"}],"replies":[{"embeddable":true,"href":"https:\/\/championnats-aveyron.ovh\/index.php?rest_route=%2Fwp%2Fv2%2Fcomments&post=891"}],"version-history":[{"count":3,"href":"https:\/\/championnats-aveyron.ovh\/index.php?rest_route=\/wp\/v2\/pages\/891\/revisions"}],"predecessor-version":[{"id":895,"href":"https:\/\/championnats-aveyron.ovh\/index.php?rest_route=\/wp\/v2\/pages\/891\/revisions\/895"}],"wp:attachment":[{"href":"https:\/\/championnats-aveyron.ovh\/index.php?rest_route=%2Fwp%2Fv2%2Fmedia&parent=891"}],"curies":[{"name":"wp","href":"https:\/\/api.w.org\/{rel}","templated":true}]}}